{"id":14075,"date":"2020-02-11T17:33:15","date_gmt":"2020-02-11T17:33:15","guid":{"rendered":"http:\/\/arhideja.eu\/studio-sibenik\/?page_id=14075"},"modified":"2025-07-17T10:58:39","modified_gmt":"2025-07-17T10:58:39","slug":"projekti","status":"publish","type":"page","link":"https:\/\/arhideja.eu\/studio-sibenik\/projekti\/","title":{"rendered":"Projekti"},"content":{"rendered":"<p>[vc_row full_width=&#8221;stretch_row_content_no_spaces&#8221; css=&#8221;.vc_custom_1583935204841{margin-top: 0px !important;margin-bottom: 0px !important;border-top-width: 0px !important;border-bottom-width: 0px !important;padding-top: 0px !important;padding-bottom: 0px !important;}&#8221;][vc_column width=&#8221;1\/3&#8243;]<div class=\"ult-new-ib ult-ib-effect-style11  ult-ib-resp   vc_custom_1726245434282\" data-min-width=\"768\" data-max-width=\"900\" style=\"background:#ffffff;\" data-opacity=\"1\" data-hover-opacity=\"0.2\" ><img class=\"ult-new-ib-img\" style=\"opacity:1;\" alt=\"null\" src=\"https:\/\/arhideja.eu\/studio-sibenik\/wp-content\/uploads\/2024\/09\/00-holiday-house-zaboric.jpg\"   \/><div id=\"interactive-banner-wrap-3215\" class=\"ult-new-ib-desc\" style=\"\"><h1 class=\"ult-new-ib-title ult-responsive\"  data-ultimate-target='#interactive-banner-wrap-3215 .ult-new-ib-title'  data-responsive-json-new='{\"font-size\":\"desktop:24px;\",\"line-height\":\"\"}'  style=\"font-weight:bold;color:#000000;\">Ku\u0107a za odmor \u017dabori\u0107<\/h1><div class=\"ult-new-ib-content ult-responsive\"  data-ultimate-target='#interactive-banner-wrap-3215 .ult-new-ib-content'  data-responsive-json-new='{\"font-size\":\"\",\"line-height\":\"\"}'  style=\"font-weight:normal;color:#000000;\"><p>...<\/p><\/div><\/div><a class=\"ult-new-ib-link\" href=\"https:\/\/arhideja.eu\/studio-sibenik\/hr-kuca-za-odmor-zaboric\/\"  ><\/a><\/div><script type=\"text\/javascript\">\r\n\t\t\t(function($){\r\n\t\t\t\t$(document).ready(function(){\r\n\t\t\t\t\t$(\".ult-new-ib\").css(\"opacity\",\"1\");\r\n\t\t\t\t});\r\n\t\t\t})(jQuery);\r\n\t\t\t<\/script>[\/vc_column][vc_column width=&#8221;1\/3&#8243;]<div class=\"ult-new-ib ult-ib-effect-style11  ult-ib-resp   vc_custom_1668772475318\" data-min-width=\"768\" data-max-width=\"900\" style=\"background:#ffffff;\" data-opacity=\"1\" data-hover-opacity=\"0.2\" ><img class=\"ult-new-ib-img\" style=\"opacity:1;\" alt=\"null\" src=\"https:\/\/arhideja.eu\/studio-sibenik\/wp-content\/uploads\/2022\/11\/path-ostrica.jpg\"   \/><div id=\"interactive-banner-wrap-8199\" class=\"ult-new-ib-desc\" style=\"\"><h1 class=\"ult-new-ib-title ult-responsive\"  data-ultimate-target='#interactive-banner-wrap-8199 .ult-new-ib-title'  data-responsive-json-new='{\"font-size\":\"desktop:24px;\",\"line-height\":\"\"}'  style=\"font-weight:bold;color:#000000;\">Staza Ostrica, Grebastica<\/h1><div class=\"ult-new-ib-content ult-responsive\"  data-ultimate-target='#interactive-banner-wrap-8199 .ult-new-ib-content'  data-responsive-json-new='{\"font-size\":\"\",\"line-height\":\"\"}'  style=\"font-weight:normal;color:#000000;\"><p>...<\/p><\/div><\/div><a class=\"ult-new-ib-link\" href=\"https:\/\/arhideja.eu\/studio-sibenik\/hr-staza-ostrica\/\"  ><\/a><\/div><script type=\"text\/javascript\">\r\n\t\t\t(function($){\r\n\t\t\t\t$(document).ready(function(){\r\n\t\t\t\t\t$(\".ult-new-ib\").css(\"opacity\",\"1\");\r\n\t\t\t\t});\r\n\t\t\t})(jQuery);\r\n\t\t\t<\/script>[\/vc_column][vc_column width=&#8221;1\/3&#8243;]<div class=\"ult-new-ib ult-ib-effect-style11  ult-ib-resp   vc_custom_1645773416948\" data-min-width=\"768\" data-max-width=\"900\" style=\"background:#ffffff;\" data-opacity=\"1\" data-hover-opacity=\"0.2\" ><img class=\"ult-new-ib-img\" style=\"opacity:1;\" alt=\"null\" src=\"https:\/\/arhideja.eu\/studio-sibenik\/wp-content\/uploads\/2022\/02\/brodarica9.jpg\"   \/><div id=\"interactive-banner-wrap-8181\" class=\"ult-new-ib-desc\" style=\"\"><h1 class=\"ult-new-ib-title ult-responsive\"  data-ultimate-target='#interactive-banner-wrap-8181 .ult-new-ib-title'  data-responsive-json-new='{\"font-size\":\"desktop:24px;\",\"line-height\":\"\"}'  style=\"font-weight:bold;color:#000000;\">Brodarica<\/h1><div class=\"ult-new-ib-content ult-responsive\"  data-ultimate-target='#interactive-banner-wrap-8181 .ult-new-ib-content'  data-responsive-json-new='{\"font-size\":\"\",\"line-height\":\"\"}'  style=\"font-weight:normal;color:#000000;\"><p>...<\/p><\/div><\/div><a class=\"ult-new-ib-link\" href=\"https:\/\/arhideja.eu\/studio-sibenik\/hr-brodarica\/\"  ><\/a><\/div><script type=\"text\/javascript\">\r\n\t\t\t(function($){\r\n\t\t\t\t$(document).ready(function(){\r\n\t\t\t\t\t$(\".ult-new-ib\").css(\"opacity\",\"1\");\r\n\t\t\t\t});\r\n\t\t\t})(jQuery);\r\n\t\t\t<\/script>[\/vc_column][\/vc_row][vc_row full_width=&#8221;stretch_row_content_no_spaces&#8221; css=&#8221;.vc_custom_1583935204841{margin-top: 0px !important;margin-bottom: 0px !important;border-top-width: 0px !important;border-bottom-width: 0px !important;padding-top: 0px !important;padding-bottom: 0px !important;}&#8221;][vc_column width=&#8221;1\/3&#8243;]<div class=\"ult-new-ib ult-ib-effect-style11  ult-ib-resp   vc_custom_1662472634851\" data-min-width=\"768\" data-max-width=\"900\" style=\"background:#ffffff;\" data-opacity=\"1\" data-hover-opacity=\"0.2\" ><img class=\"ult-new-ib-img\" style=\"opacity:1;\" alt=\"null\" src=\"https:\/\/arhideja.eu\/studio-sibenik\/wp-content\/uploads\/2022\/02\/ext7.jpg\"   \/><div id=\"interactive-banner-wrap-6498\" class=\"ult-new-ib-desc\" style=\"\"><h1 class=\"ult-new-ib-title ult-responsive\"  data-ultimate-target='#interactive-banner-wrap-6498 .ult-new-ib-title'  data-responsive-json-new='{\"font-size\":\"desktop:24px;\",\"line-height\":\"\"}'  style=\"font-weight:bold;color:#000000;\">DV Pujanke<\/h1><div class=\"ult-new-ib-content ult-responsive\"  data-ultimate-target='#interactive-banner-wrap-6498 .ult-new-ib-content'  data-responsive-json-new='{\"font-size\":\"\",\"line-height\":\"\"}'  style=\"font-weight:normal;color:#000000;\"><p>...<\/p><\/div><\/div><a class=\"ult-new-ib-link\" href=\"https:\/\/arhideja.eu\/studio-sibenik\/hr-dv-pujanke\/\"  ><\/a><\/div><script type=\"text\/javascript\">\r\n\t\t\t(function($){\r\n\t\t\t\t$(document).ready(function(){\r\n\t\t\t\t\t$(\".ult-new-ib\").css(\"opacity\",\"1\");\r\n\t\t\t\t});\r\n\t\t\t})(jQuery);\r\n\t\t\t<\/script>[\/vc_column][vc_column width=&#8221;1\/3&#8243;]<div class=\"ult-new-ib ult-ib-effect-style11  ult-ib-resp   vc_custom_1620810577182\" data-min-width=\"768\" data-max-width=\"900\" style=\"background:#ffffff;\" data-opacity=\"1\" data-hover-opacity=\"0.2\" ><img class=\"ult-new-ib-img\" style=\"opacity:1;\" alt=\"null\" src=\"https:\/\/arhideja.eu\/studio-sibenik\/wp-content\/uploads\/2021\/05\/dubrovnik-001.jpg\"   \/><div id=\"interactive-banner-wrap-3717\" class=\"ult-new-ib-desc\" style=\"\"><h1 class=\"ult-new-ib-title ult-responsive\"  data-ultimate-target='#interactive-banner-wrap-3717 .ult-new-ib-title'  data-responsive-json-new='{\"font-size\":\"desktop:24px;\",\"line-height\":\"\"}'  style=\"font-weight:bold;color:#000000;\">3. nagrada \u2013 natje\u010daj Dubrovnik<\/h1><\/div><a class=\"ult-new-ib-link\" href=\"https:\/\/arhideja.eu\/studio-sibenik\/hr-trg-ponte-i-ribarnice-dubrovnik\/\"  ><\/a><\/div><script type=\"text\/javascript\">\r\n\t\t\t(function($){\r\n\t\t\t\t$(document).ready(function(){\r\n\t\t\t\t\t$(\".ult-new-ib\").css(\"opacity\",\"1\");\r\n\t\t\t\t});\r\n\t\t\t})(jQuery);\r\n\t\t\t<\/script>[\/vc_column][vc_column width=&#8221;1\/3&#8243;]<div class=\"ult-new-ib ult-ib-effect-style11  ult-ib-resp   vc_custom_1620717927535\" data-min-width=\"768\" data-max-width=\"900\" style=\"background:#ffffff;\" data-opacity=\"1\" data-hover-opacity=\"0.2\" ><img class=\"ult-new-ib-img\" style=\"opacity:1;\" alt=\"null\" src=\"https:\/\/arhideja.eu\/studio-sibenik\/wp-content\/uploads\/2020\/02\/slatine-01-1.jpg\"   \/><div id=\"interactive-banner-wrap-5525\" class=\"ult-new-ib-desc\" style=\"\"><h1 class=\"ult-new-ib-title ult-responsive\"  data-ultimate-target='#interactive-banner-wrap-5525 .ult-new-ib-title'  data-responsive-json-new='{\"font-size\":\"desktop:24px;\",\"line-height\":\"\"}'  style=\"font-weight:bold;color:#000000;\">Vila sa bazenom<\/h1><div class=\"ult-new-ib-content ult-responsive\"  data-ultimate-target='#interactive-banner-wrap-5525 .ult-new-ib-content'  data-responsive-json-new='{\"font-size\":\"\",\"line-height\":\"\"}'  style=\"font-weight:normal;color:#000000;\"><p>Slatine<\/p><\/div><\/div><a class=\"ult-new-ib-link\" href=\"https:\/\/arhideja.eu\/studio-sibenik\/vila-sa-bazenom-slatine\/\"  ><\/a><\/div><script type=\"text\/javascript\">\r\n\t\t\t(function($){\r\n\t\t\t\t$(document).ready(function(){\r\n\t\t\t\t\t$(\".ult-new-ib\").css(\"opacity\",\"1\");\r\n\t\t\t\t});\r\n\t\t\t})(jQuery);\r\n\t\t\t<\/script>[\/vc_column][\/vc_row][vc_row full_width=&#8221;stretch_row_content_no_spaces&#8221; parallax=&#8221;content-moving-fade&#8221; css=&#8221;.vc_custom_1581536121148{margin-top: 0px !important;margin-bottom: 0px !important;border-top-width: 0px !important;border-bottom-width: 0px !important;padding-top: 0px !important;padding-bottom: 0px !important;}&#8221;][vc_column width=&#8221;1\/3&#8243;]<div class=\"ult-new-ib ult-ib-effect-style11  ult-ib-resp   vc_custom_1645773379293\" data-min-width=\"768\" data-max-width=\"900\" style=\"background:#ffffff;\" data-opacity=\"1\" data-hover-opacity=\"0.2\" ><img class=\"ult-new-ib-img\" style=\"opacity:1;\" alt=\"null\" src=\"https:\/\/arhideja.eu\/studio-sibenik\/wp-content\/uploads\/2022\/02\/pr00.jpg\"   \/><div id=\"interactive-banner-wrap-1197\" class=\"ult-new-ib-desc\" style=\"\"><h1 class=\"ult-new-ib-title ult-responsive\"  data-ultimate-target='#interactive-banner-wrap-1197 .ult-new-ib-title'  data-responsive-json-new='{\"font-size\":\"desktop:24px;\",\"line-height\":\"\"}'  style=\"font-weight:bold;color:#000000;\">Stambena gra\u0111evina Primo\u0161ten<\/h1><div class=\"ult-new-ib-content ult-responsive\"  data-ultimate-target='#interactive-banner-wrap-1197 .ult-new-ib-content'  data-responsive-json-new='{\"font-size\":\"\",\"line-height\":\"\"}'  style=\"font-weight:normal;color:#000000;\"><p>Obiteljska kuca<\/p><\/div><\/div><a class=\"ult-new-ib-link\" href=\"https:\/\/arhideja.eu\/studio-sibenik\/hr-primosten-stamb-gradjevina\/\"  ><\/a><\/div><script type=\"text\/javascript\">\r\n\t\t\t(function($){\r\n\t\t\t\t$(document).ready(function(){\r\n\t\t\t\t\t$(\".ult-new-ib\").css(\"opacity\",\"1\");\r\n\t\t\t\t});\r\n\t\t\t})(jQuery);\r\n\t\t\t<\/script>[\/vc_column][vc_column width=&#8221;1\/3&#8243;]<div class=\"ult-new-ib ult-ib-effect-style11  ult-ib-resp   vc_custom_1620717919172\" data-min-width=\"768\" data-max-width=\"900\" style=\"background:#ffffff;\" data-opacity=\"1\" data-hover-opacity=\"0.2\" ><img class=\"ult-new-ib-img\" style=\"opacity:1;\" alt=\"null\" src=\"https:\/\/arhideja.eu\/studio-sibenik\/wp-content\/uploads\/2021\/02\/3.jpg\"   \/><div id=\"interactive-banner-wrap-2675\" class=\"ult-new-ib-desc\" style=\"\"><h1 class=\"ult-new-ib-title ult-responsive\"  data-ultimate-target='#interactive-banner-wrap-2675 .ult-new-ib-title'  data-responsive-json-new='{\"font-size\":\"desktop:24px;\",\"line-height\":\"\"}'  style=\"font-weight:bold;color:#000000;\">Vinarija Mato\u0161in<\/h1><div class=\"ult-new-ib-content ult-responsive\"  data-ultimate-target='#interactive-banner-wrap-2675 .ult-new-ib-content'  data-responsive-json-new='{\"font-size\":\"\",\"line-height\":\"\"}'  style=\"font-weight:normal;color:#000000;\"><p>Rekonstrukcija i nadogradnja vinarije<\/p><\/div><\/div><a class=\"ult-new-ib-link\" href=\"https:\/\/arhideja.eu\/studio-sibenik\/vinarija-matosin\/\"  ><\/a><\/div><script type=\"text\/javascript\">\r\n\t\t\t(function($){\r\n\t\t\t\t$(document).ready(function(){\r\n\t\t\t\t\t$(\".ult-new-ib\").css(\"opacity\",\"1\");\r\n\t\t\t\t});\r\n\t\t\t})(jQuery);\r\n\t\t\t<\/script>[\/vc_column][vc_column width=&#8221;1\/3&#8243;]<div class=\"ult-new-ib ult-ib-effect-style11  ult-ib-resp   vc_custom_1620717948147\" data-min-width=\"768\" data-max-width=\"900\" style=\"background:#ffffff;\" data-opacity=\"1\" data-hover-opacity=\"0.2\" ><img class=\"ult-new-ib-img\" style=\"opacity:1;\" alt=\"null\" src=\"https:\/\/arhideja.eu\/studio-sibenik\/wp-content\/uploads\/2020\/02\/nikic-primosten-01-1.jpg\"   \/><div id=\"interactive-banner-wrap-9115\" class=\"ult-new-ib-desc\" style=\"\"><h1 class=\"ult-new-ib-title ult-responsive\"  data-ultimate-target='#interactive-banner-wrap-9115 .ult-new-ib-title'  data-responsive-json-new='{\"font-size\":\"desktop:24px;\",\"line-height\":\"\"}'  style=\"font-weight:bold;color:#000000;\">Quattro Pietra<\/h1><div class=\"ult-new-ib-content ult-responsive\"  data-ultimate-target='#interactive-banner-wrap-9115 .ult-new-ib-content'  data-responsive-json-new='{\"font-size\":\"\",\"line-height\":\"\"}'  style=\"font-weight:normal;color:#000000;\"><p>kuca za odmor<\/p><\/div><\/div><a class=\"ult-new-ib-link\" href=\"https:\/\/arhideja.eu\/studio-sibenik\/quattro-pietra\/\"  ><\/a><\/div><script type=\"text\/javascript\">\r\n\t\t\t(function($){\r\n\t\t\t\t$(document).ready(function(){\r\n\t\t\t\t\t$(\".ult-new-ib\").css(\"opacity\",\"1\");\r\n\t\t\t\t});\r\n\t\t\t})(jQuery);\r\n\t\t\t<\/script>[\/vc_column][\/vc_row][vc_row full_width=&#8221;stretch_row_content_no_spaces&#8221; parallax=&#8221;content-moving-fade&#8221; css=&#8221;.vc_custom_1581536121148{margin-top: 0px !important;margin-bottom: 0px !important;border-top-width: 0px !important;border-bottom-width: 0px !important;padding-top: 0px !important;padding-bottom: 0px !important;}&#8221;][vc_column width=&#8221;1\/3&#8243;]<div class=\"ult-new-ib ult-ib-effect-style11  ult-ib-resp   vc_custom_1752749914787\" data-min-width=\"768\" data-max-width=\"900\" style=\"background:#ffffff;\" data-opacity=\"1\" data-hover-opacity=\"0.2\" ><img class=\"ult-new-ib-img\" style=\"opacity:1;\" alt=\"null\" src=\"https:\/\/arhideja.eu\/studio-sibenik\/wp-content\/uploads\/2025\/07\/02_viganj.jpg\"   \/><div id=\"interactive-banner-wrap-9927\" class=\"ult-new-ib-desc\" style=\"\"><h1 class=\"ult-new-ib-title ult-responsive\"  data-ultimate-target='#interactive-banner-wrap-9927 .ult-new-ib-title'  data-responsive-json-new='{\"font-size\":\"desktop:24px;\",\"line-height\":\"\"}'  style=\"font-weight:bold;color:#000000;\">Viganj<\/h1><div class=\"ult-new-ib-content ult-responsive\"  data-ultimate-target='#interactive-banner-wrap-9927 .ult-new-ib-content'  data-responsive-json-new='{\"font-size\":\"\",\"line-height\":\"\"}'  style=\"font-weight:normal;color:#000000;\"><p>Obiteljska kuca<\/p><\/div><\/div><a class=\"ult-new-ib-link\" href=\"https:\/\/arhideja.eu\/studio-sibenik\/obiteljska-kuca-viganj\/\"  ><\/a><\/div><script type=\"text\/javascript\">\r\n\t\t\t(function($){\r\n\t\t\t\t$(document).ready(function(){\r\n\t\t\t\t\t$(\".ult-new-ib\").css(\"opacity\",\"1\");\r\n\t\t\t\t});\r\n\t\t\t})(jQuery);\r\n\t\t\t<\/script>[\/vc_column][vc_column width=&#8221;1\/3&#8243;]<div class=\"ult-new-ib ult-ib-effect-style11  ult-ib-resp   vc_custom_1716363719486\" data-min-width=\"768\" data-max-width=\"900\" style=\"background:#ffffff;\" data-opacity=\"1\" data-hover-opacity=\"0.2\" ><img class=\"ult-new-ib-img\" style=\"opacity:1;\" alt=\"null\" src=\"https:\/\/arhideja.eu\/studio-sibenik\/wp-content\/uploads\/2020\/02\/tesla-01-1.jpg\"   \/><div id=\"interactive-banner-wrap-8907\" class=\"ult-new-ib-desc\" style=\"\"><h1 class=\"ult-new-ib-title ult-responsive\"  data-ultimate-target='#interactive-banner-wrap-8907 .ult-new-ib-title'  data-responsive-json-new='{\"font-size\":\"desktop:24px;\",\"line-height\":\"\"}'  style=\"font-weight:bold;color:#000000;\">Tesla<\/h1><div class=\"ult-new-ib-content ult-responsive\"  data-ultimate-target='#interactive-banner-wrap-8907 .ult-new-ib-content'  data-responsive-json-new='{\"font-size\":\"\",\"line-height\":\"\"}'  style=\"font-weight:normal;color:#000000;\"><p>ex kino<\/p><\/div><\/div><a class=\"ult-new-ib-link\" href=\"https:\/\/arhideja.eu\/studio-sibenik\/ex-kino-tesla\/\"  ><\/a><\/div><script type=\"text\/javascript\">\r\n\t\t\t(function($){\r\n\t\t\t\t$(document).ready(function(){\r\n\t\t\t\t\t$(\".ult-new-ib\").css(\"opacity\",\"1\");\r\n\t\t\t\t});\r\n\t\t\t})(jQuery);\r\n\t\t\t<\/script>[\/vc_column][vc_column width=&#8221;1\/3&#8243;]<div class=\"ult-new-ib ult-ib-effect-style11  ult-ib-resp   vc_custom_1716363710588\" data-min-width=\"768\" data-max-width=\"900\" style=\"background:#ffffff;\" data-opacity=\"1\" data-hover-opacity=\"0.2\" ><img class=\"ult-new-ib-img\" style=\"opacity:1;\" alt=\"null\" src=\"https:\/\/arhideja.eu\/studio-sibenik\/wp-content\/uploads\/2020\/03\/branitelji-01.jpg\"   \/><div id=\"interactive-banner-wrap-8420\" class=\"ult-new-ib-desc\" style=\"\"><h1 class=\"ult-new-ib-title ult-responsive\"  data-ultimate-target='#interactive-banner-wrap-8420 .ult-new-ib-title'  data-responsive-json-new='{\"font-size\":\"desktop:24px;\",\"line-height\":\"\"}'  style=\"font-weight:bold;color:#000000;\">Postav spomen doma<\/h1><div class=\"ult-new-ib-content ult-responsive\"  data-ultimate-target='#interactive-banner-wrap-8420 .ult-new-ib-content'  data-responsive-json-new='{\"font-size\":\"\",\"line-height\":\"\"}'  style=\"font-weight:normal;color:#000000;\"><p>hrvatskih branitelja \u0160ibensko-kninske \u017eupanije<\/p><\/div><\/div><a class=\"ult-new-ib-link\" href=\"https:\/\/arhideja.eu\/studio-sibenik\/spomen-dom-hrvatskih-branitelja\/\"  ><\/a><\/div><script type=\"text\/javascript\">\r\n\t\t\t(function($){\r\n\t\t\t\t$(document).ready(function(){\r\n\t\t\t\t\t$(\".ult-new-ib\").css(\"opacity\",\"1\");\r\n\t\t\t\t});\r\n\t\t\t})(jQuery);\r\n\t\t\t<\/script>[\/vc_column][\/vc_row][vc_row full_width=&#8221;stretch_row_content_no_spaces&#8221; parallax=&#8221;content-moving-fade&#8221; css=&#8221;.vc_custom_1581536121148{margin-top: 0px !important;margin-bottom: 0px !important;border-top-width: 0px !important;border-bottom-width: 0px !important;padding-top: 0px !important;padding-bottom: 0px !important;}&#8221;][vc_column width=&#8221;1\/3&#8243;]<div class=\"ult-new-ib ult-ib-effect-style11  ult-ib-resp   vc_custom_1716363696767\" data-min-width=\"768\" data-max-width=\"900\" style=\"background:#ffffff;\" data-opacity=\"1\" data-hover-opacity=\"0.2\" ><img class=\"ult-new-ib-img\" style=\"opacity:1;\" alt=\"null\" src=\"https:\/\/arhideja.eu\/studio-sibenik\/wp-content\/uploads\/2023\/08\/fortica-sucuraj-news-small.jpg\"   \/><div id=\"interactive-banner-wrap-7763\" class=\"ult-new-ib-desc\" style=\"\"><h1 class=\"ult-new-ib-title ult-responsive\"  data-ultimate-target='#interactive-banner-wrap-7763 .ult-new-ib-title'  data-responsive-json-new='{\"font-size\":\"desktop:24px;\",\"line-height\":\"\"}'  style=\"font-weight:bold;color:#000000;\">Fortica Su\u0107uraj<\/h1><div class=\"ult-new-ib-content ult-responsive\"  data-ultimate-target='#interactive-banner-wrap-7763 .ult-new-ib-content'  data-responsive-json-new='{\"font-size\":\"\",\"line-height\":\"\"}'  style=\"font-weight:normal;color:#000000;\"><p>rekonstrukcija<\/p><\/div><\/div><a class=\"ult-new-ib-link\" href=\"https:\/\/arhideja.eu\/studio-sibenik\/fortica-sucuraj\/\"  ><\/a><\/div><script type=\"text\/javascript\">\r\n\t\t\t(function($){\r\n\t\t\t\t$(document).ready(function(){\r\n\t\t\t\t\t$(\".ult-new-ib\").css(\"opacity\",\"1\");\r\n\t\t\t\t});\r\n\t\t\t})(jQuery);\r\n\t\t\t<\/script>[\/vc_column][vc_column width=&#8221;1\/3&#8243;]<div class=\"ult-new-ib ult-ib-effect-style11  ult-ib-resp   vc_custom_1716363683739\" data-min-width=\"768\" data-max-width=\"900\" style=\"background:#ffffff;\" data-opacity=\"1\" data-hover-opacity=\"0.2\" ><img class=\"ult-new-ib-img\" style=\"opacity:1;\" alt=\"null\" src=\"https:\/\/arhideja.eu\/studio-sibenik\/wp-content\/uploads\/2020\/02\/incubator-01-1.jpg\"   \/><div id=\"interactive-banner-wrap-7769\" class=\"ult-new-ib-desc\" style=\"\"><h1 class=\"ult-new-ib-title ult-responsive\"  data-ultimate-target='#interactive-banner-wrap-7769 .ult-new-ib-title'  data-responsive-json-new='{\"font-size\":\"desktop:24px;\",\"line-height\":\"\"}'  style=\"font-weight:bold;color:#000000;\">Urbani inkubator<\/h1><div class=\"ult-new-ib-content ult-responsive\"  data-ultimate-target='#interactive-banner-wrap-7769 .ult-new-ib-content'  data-responsive-json-new='{\"font-size\":\"\",\"line-height\":\"\"}'  style=\"font-weight:normal;color:#000000;\"><p>Sibenik<\/p><\/div><\/div><a class=\"ult-new-ib-link\" href=\"https:\/\/arhideja.eu\/studio-sibenik\/urbani-inkubator-sibenik\/\"  ><\/a><\/div><script type=\"text\/javascript\">\r\n\t\t\t(function($){\r\n\t\t\t\t$(document).ready(function(){\r\n\t\t\t\t\t$(\".ult-new-ib\").css(\"opacity\",\"1\");\r\n\t\t\t\t});\r\n\t\t\t})(jQuery);\r\n\t\t\t<\/script>[\/vc_column][vc_column width=&#8221;1\/3&#8243;]<div class=\"ult-new-ib ult-ib-effect-style11  ult-ib-resp   vc_custom_1716363671934\" data-min-width=\"768\" data-max-width=\"900\" style=\"background:#ffffff;\" data-opacity=\"1\" data-hover-opacity=\"0.2\" ><img class=\"ult-new-ib-img\" style=\"opacity:1;\" alt=\"null\" src=\"https:\/\/arhideja.eu\/studio-sibenik\/wp-content\/uploads\/2020\/11\/lozica-01.jpg\"   \/><div id=\"interactive-banner-wrap-9644\" class=\"ult-new-ib-desc\" style=\"\"><h1 class=\"ult-new-ib-title ult-responsive\"  data-ultimate-target='#interactive-banner-wrap-9644 .ult-new-ib-title'  data-responsive-json-new='{\"font-size\":\"desktop:24px;\",\"line-height\":\"\"}'  style=\"font-weight:bold;color:#000000;\">Lozica<\/h1><div class=\"ult-new-ib-content ult-responsive\"  data-ultimate-target='#interactive-banner-wrap-9644 .ult-new-ib-content'  data-responsive-json-new='{\"font-size\":\"\",\"line-height\":\"\"}'  style=\"font-weight:normal;color:#000000;\"><p>rekonstrukcija i nadogradnja<\/p><\/div><\/div><a class=\"ult-new-ib-link\" href=\"https:\/\/arhideja.eu\/studio-sibenik\/kuca-lozica\/\"  ><\/a><\/div><script type=\"text\/javascript\">\r\n\t\t\t(function($){\r\n\t\t\t\t$(document).ready(function(){\r\n\t\t\t\t\t$(\".ult-new-ib\").css(\"opacity\",\"1\");\r\n\t\t\t\t});\r\n\t\t\t})(jQuery);\r\n\t\t\t<\/script>[\/vc_column][\/vc_row][vc_row full_width=&#8221;stretch_row_content_no_spaces&#8221; parallax=&#8221;content-moving-fade&#8221; css=&#8221;.vc_custom_1581536121148{margin-top: 0px !important;margin-bottom: 0px !important;border-top-width: 0px !important;border-bottom-width: 0px !important;padding-top: 0px !important;padding-bottom: 0px !important;}&#8221;][vc_column width=&#8221;1\/3&#8243;]<div class=\"ult-new-ib ult-ib-effect-style11  ult-ib-resp   vc_custom_1716298232882\" data-min-width=\"768\" data-max-width=\"900\" style=\"background:#ffffff;\" data-opacity=\"1\" data-hover-opacity=\"0.2\" ><img class=\"ult-new-ib-img\" style=\"opacity:1;\" alt=\"null\" src=\"https:\/\/arhideja.eu\/studio-sibenik\/wp-content\/uploads\/2024\/05\/path-start.jpg\"   \/><div id=\"interactive-banner-wrap-9138\" class=\"ult-new-ib-desc\" style=\"\"><h1 class=\"ult-new-ib-title ult-responsive\"  data-ultimate-target='#interactive-banner-wrap-9138 .ult-new-ib-title'  data-responsive-json-new='{\"font-size\":\"desktop:24px;\",\"line-height\":\"\"}'  style=\"font-weight:bold;color:#000000;\">Staza Podvla\u0161tica, Orebi\u0107<\/h1><div class=\"ult-new-ib-content ult-responsive\"  data-ultimate-target='#interactive-banner-wrap-9138 .ult-new-ib-content'  data-responsive-json-new='{\"font-size\":\"\",\"line-height\":\"\"}'  style=\"font-weight:normal;color:#000000;\"><p>...<\/p><\/div><\/div><a class=\"ult-new-ib-link\" href=\"https:\/\/arhideja.eu\/studio-sibenik\/hr-staza-podvlastica\/\"  ><\/a><\/div><script type=\"text\/javascript\">\r\n\t\t\t(function($){\r\n\t\t\t\t$(document).ready(function(){\r\n\t\t\t\t\t$(\".ult-new-ib\").css(\"opacity\",\"1\");\r\n\t\t\t\t});\r\n\t\t\t})(jQuery);\r\n\t\t\t<\/script>[\/vc_column][vc_column width=&#8221;1\/3&#8243;][\/vc_column][vc_column width=&#8221;1\/3&#8243;][\/vc_column][\/vc_row][vc_row][vc_column][vc_empty_space height=&#8221;62px&#8221;][\/vc_column][\/vc_row][vc_row][vc_column][vc_text_separator title=&#8221;MAPA&#8221;][\/vc_column][\/vc_row][vc_row][vc_column][vc_empty_space height=&#8221;62px&#8221;][\/vc_column][\/vc_row][vc_row][vc_column][vc_raw_html]JTVCY3VzdG9tLW1hcHBpbmclMjBtYXBfaWQlM0QlMjIxNDM5NyUyMiUyMGhlaWdodCUzRCUyMjYwMCUyMiU1RA==[\/vc_raw_html][\/vc_column][\/vc_row]<\/p>\n","protected":false},"excerpt":{"rendered":"<p>[vc_row full_width=&#8221;stretch_row_content_no_spaces&#8221; css=&#8221;.vc_custom_1583935204841{margin-top: 0px !important;margin-bottom: 0px !important;border-top-width: 0px !important;border-bottom-width: 0px !important;padding-top: 0px !important;padding-bottom: 0px !important;}&#8221;][vc_column width=&#8221;1\/3&#8243;][\/vc_column][vc_column width=&#8221;1\/3&#8243;][\/vc_column][vc_column width=&#8221;1\/3&#8243;][\/vc_column][\/vc_row][vc_row full_width=&#8221;stretch_row_content_no_spaces&#8221; css=&#8221;.vc_custom_1583935204841{margin-top: 0px !important;margin-bottom: 0px !important;border-top-width: 0px !important;border-bottom-width: 0px !important;padding-top: 0px !important;padding-bottom: 0px !important;}&#8221;][vc_column width=&#8221;1\/3&#8243;][\/vc_column][vc_column width=&#8221;1\/3&#8243;][\/vc_column][vc_column width=&#8221;1\/3&#8243;][\/vc_column][\/vc_row][vc_row full_width=&#8221;stretch_row_content_no_spaces&#8221; parallax=&#8221;content-moving-fade&#8221; css=&#8221;.vc_custom_1581536121148{margin-top: 0px !important;margin-bottom: 0px !important;border-top-width: 0px !important;border-bottom-width: 0px !important;padding-top: 0px !important;padding-bottom: 0px !important;}&#8221;][vc_column width=&#8221;1\/3&#8243;][\/vc_column][vc_column width=&#8221;1\/3&#8243;][\/vc_column][vc_column width=&#8221;1\/3&#8243;][\/vc_column][\/vc_row][vc_row full_width=&#8221;stretch_row_content_no_spaces&#8221; parallax=&#8221;content-moving-fade&#8221; [&hellip;]<\/p>\n","protected":false},"author":1,"featured_media":0,"parent":0,"menu_order":0,"comment_status":"closed","ping_status":"closed","template":"template-home.php","meta":[],"_links":{"self":[{"href":"https:\/\/arhideja.eu\/studio-sibenik\/wp-json\/wp\/v2\/pages\/14075"}],"collection":[{"href":"https:\/\/arhideja.eu\/studio-sibenik\/wp-json\/wp\/v2\/pages"}],"about":[{"href":"https:\/\/arhideja.eu\/studio-sibenik\/wp-json\/wp\/v2\/types\/page"}],"author":[{"embeddable":true,"href":"https:\/\/arhideja.eu\/studio-sibenik\/wp-json\/wp\/v2\/users\/1"}],"replies":[{"embeddable":true,"href":"https:\/\/arhideja.eu\/studio-sibenik\/wp-json\/wp\/v2\/comments?post=14075"}],"version-history":[{"count":78,"href":"https:\/\/arhideja.eu\/studio-sibenik\/wp-json\/wp\/v2\/pages\/14075\/revisions"}],"predecessor-version":[{"id":15717,"href":"https:\/\/arhideja.eu\/studio-sibenik\/wp-json\/wp\/v2\/pages\/14075\/revisions\/15717"}],"wp:attachment":[{"href":"https:\/\/arhideja.eu\/studio-sibenik\/wp-json\/wp\/v2\/media?parent=14075"}],"curies":[{"name":"wp","href":"https:\/\/api.w.org\/{rel}","templated":true}]}}